{"id":135,"date":"2017-04-21T04:09:36","date_gmt":"2017-04-21T04:09:36","guid":{"rendered":"http:\/\/demo2.steelthemes.com\/factoryhub\/?page_id=135"},"modified":"2024-08-15T12:40:20","modified_gmt":"2024-08-15T15:40:20","slug":"nuestros-servicios","status":"publish","type":"page","link":"https:\/\/sitingenieria.com.ar\/indexphp\/nuestros-servicios\/","title":{"rendered":"Nuestros Servicios"},"content":{"rendered":"<div class=\"wpb-content-wrapper\"><p>[vc_row][vc_column]<div class=\"fh-service  service-grid\">\n                <div class=\"service-list row\" id=\"service-slider-69e770de0d3d2\"><div class=\"item-service  col-xs-12 col-sm-6 col-md-4\">\n\t\t\t\t\t<div class=\"service-content\">\n\t\t\t\t\t\t<div class=\"entry-thumbnail\">\n\t\t\t\t\t\t\t<div class=\"overlay\" ><\/div>\n\t\t\t\t\t\t\t<a href=\"https:\/\/sitingenieria.com.ar\/indexphp\/service\/tratamiento-de-agua\/\"><\/a>\n\t\t\t\t\t\t\t<img loading=\"lazy\" decoding=\"async\" width=\"370\" height=\"230\" src=\"https:\/\/sitingenieria.com.ar\/wp-content\/uploads\/ing.-ismael-filippa-370x230.webp\" class=\"attachment-factoryhub-blog-grid-3-thumb size-factoryhub-blog-grid-3-thumb wp-post-image\" alt=\"\" \/>\n\t\t\t\t\t\t<\/div>\n\t\t\t\t\t\t<h2 class=\"entry-title\"><a href=\"https:\/\/sitingenieria.com.ar\/indexphp\/service\/tratamiento-de-agua\/\">Tratamiento de agua<\/a><\/h2>\n\t\t\t\t\t\t<p>Fabricamos tanques de alta calidad para tratamiento de agua, especializados en acero inoxidable o al carbono, garantizando durabilidad.<\/p>\n\t\t\t\t\t<\/div>\n\t\t\t\t<\/div><div class=\"item-service  col-xs-12 col-sm-6 col-md-4\">\n\t\t\t\t\t<div class=\"service-content\">\n\t\t\t\t\t\t<div class=\"entry-thumbnail\">\n\t\t\t\t\t\t\t<div class=\"overlay\" ><\/div>\n\t\t\t\t\t\t\t<a href=\"https:\/\/sitingenieria.com.ar\/indexphp\/service\/modulos-paquetizados\/\"><\/a>\n\t\t\t\t\t\t\t<img loading=\"lazy\" decoding=\"async\" width=\"370\" height=\"230\" src=\"https:\/\/sitingenieria.com.ar\/wp-content\/uploads\/dsc01700-370x230.webp\" class=\"attachment-factoryhub-blog-grid-3-thumb size-factoryhub-blog-grid-3-thumb wp-post-image\" alt=\"\" \/>\n\t\t\t\t\t\t<\/div>\n\t\t\t\t\t\t<h2 class=\"entry-title\"><a href=\"https:\/\/sitingenieria.com.ar\/indexphp\/service\/modulos-paquetizados\/\">M\u00f3dulos paquetizados<\/a><\/h2>\n\t\t\t\t\t\t<p>Producimos skids simples para aplicaciones peque\u00f1as y estaciones complejas de compresi\u00f3n y tratamiento de gas, ajustados a sus necesidades.<\/p>\n\t\t\t\t\t<\/div>\n\t\t\t\t<\/div><div class=\"item-service  col-xs-12 col-sm-6 col-md-4\">\n\t\t\t\t\t<div class=\"service-content\">\n\t\t\t\t\t\t<div class=\"entry-thumbnail\">\n\t\t\t\t\t\t\t<div class=\"overlay\" ><\/div>\n\t\t\t\t\t\t\t<a href=\"https:\/\/sitingenieria.com.ar\/indexphp\/service\/petroleo-gas\/\"><\/a>\n\t\t\t\t\t\t\t<img loading=\"lazy\" decoding=\"async\" width=\"370\" height=\"230\" src=\"https:\/\/sitingenieria.com.ar\/wp-content\/uploads\/dsc_0110-370x230.webp\" class=\"attachment-factoryhub-blog-grid-3-thumb size-factoryhub-blog-grid-3-thumb wp-post-image\" alt=\"\" \/>\n\t\t\t\t\t\t<\/div>\n\t\t\t\t\t\t<h2 class=\"entry-title\"><a href=\"https:\/\/sitingenieria.com.ar\/indexphp\/service\/petroleo-gas\/\">Petr\u00f3leo &#038; Gas<\/a><\/h2>\n\t\t\t\t\t\t<p>Calderer\u00eda y piping conforme a normas. Equipos paquetizados montados en skids, listos para instalaci\u00f3n eficiente y segura.<\/p>\n\t\t\t\t\t<\/div>\n\t\t\t\t<\/div><div class=\"item-service  col-xs-12 col-sm-6 col-md-4\">\n\t\t\t\t\t<div class=\"service-content\">\n\t\t\t\t\t\t<div class=\"entry-thumbnail\">\n\t\t\t\t\t\t\t<div class=\"overlay\" ><\/div>\n\t\t\t\t\t\t\t<a href=\"https:\/\/sitingenieria.com.ar\/indexphp\/service\/mineria\/\"><\/a>\n\t\t\t\t\t\t\t<img loading=\"lazy\" decoding=\"async\" width=\"370\" height=\"230\" src=\"https:\/\/sitingenieria.com.ar\/wp-content\/uploads\/04-5-2-dsc_0300-370x230.jpg\" class=\"attachment-factoryhub-blog-grid-3-thumb size-factoryhub-blog-grid-3-thumb wp-post-image\" alt=\"\" \/>\n\t\t\t\t\t\t<\/div>\n\t\t\t\t\t\t<h2 class=\"entry-title\"><a href=\"https:\/\/sitingenieria.com.ar\/indexphp\/service\/mineria\/\">Miner\u00eda<\/a><\/h2>\n\t\t\t\t\t\t<p>Proveemos equipos robustos y eficientes, dise\u00f1ados para soportar condiciones extremas en miner\u00eda, garantizando alta durabilidad y rendimiento.<\/p>\n\t\t\t\t\t<\/div>\n\t\t\t\t<\/div><div class=\"item-service  col-xs-12 col-sm-6 col-md-4\">\n\t\t\t\t\t<div class=\"service-content\">\n\t\t\t\t\t\t<div class=\"entry-thumbnail\">\n\t\t\t\t\t\t\t<div class=\"overlay\" ><\/div>\n\t\t\t\t\t\t\t<a href=\"https:\/\/sitingenieria.com.ar\/indexphp\/service\/caldereria\/\"><\/a>\n\t\t\t\t\t\t\t<img loading=\"lazy\" decoding=\"async\" width=\"370\" height=\"230\" src=\"https:\/\/sitingenieria.com.ar\/wp-content\/uploads\/tk-01-003a-370x230.webp\" class=\"attachment-factoryhub-blog-grid-3-thumb size-factoryhub-blog-grid-3-thumb wp-post-image\" alt=\"\" \/>\n\t\t\t\t\t\t<\/div>\n\t\t\t\t\t\t<h2 class=\"entry-title\"><a href=\"https:\/\/sitingenieria.com.ar\/indexphp\/service\/caldereria\/\">Calderer\u00eda<\/a><\/h2>\n\t\t\t\t\t\t<p>Desarrollo y construcci\u00f3n de recipientes a presi\u00f3n para Oil & Gas, cumpliendo con normas ASME para asegurar m\u00e1xima calidad y seguridad.<\/p>\n\t\t\t\t\t<\/div>\n\t\t\t\t<\/div><\/div>\n            <\/div>[\/vc_column][\/vc_row]<\/p>\n<\/div>","protected":false},"excerpt":{"rendered":"<p>[vc_row][vc_column][\/vc_column][\/vc_row]<\/p>\n","protected":false},"author":1,"featured_media":0,"parent":0,"menu_order":0,"comment_status":"closed","ping_status":"closed","template":"","meta":{"_joinchat":[],"footnotes":""},"class_list":["post-135","page","type-page","status-publish","hentry",""],"amp_enabled":true,"_links":{"self":[{"href":"https:\/\/sitingenieria.com.ar\/index.php\/wp-json\/wp\/v2\/pages\/135","targetHints":{"allow":["GET"]}}],"collection":[{"href":"https:\/\/sitingenieria.com.ar\/index.php\/wp-json\/wp\/v2\/pages"}],"about":[{"href":"https:\/\/sitingenieria.com.ar\/index.php\/wp-json\/wp\/v2\/types\/page"}],"author":[{"embeddable":true,"href":"https:\/\/sitingenieria.com.ar\/index.php\/wp-json\/wp\/v2\/users\/1"}],"replies":[{"embeddable":true,"href":"https:\/\/sitingenieria.com.ar\/index.php\/wp-json\/wp\/v2\/comments?post=135"}],"version-history":[{"count":4,"href":"https:\/\/sitingenieria.com.ar\/index.php\/wp-json\/wp\/v2\/pages\/135\/revisions"}],"predecessor-version":[{"id":3328,"href":"https:\/\/sitingenieria.com.ar\/index.php\/wp-json\/wp\/v2\/pages\/135\/revisions\/3328"}],"wp:attachment":[{"href":"https:\/\/sitingenieria.com.ar\/index.php\/wp-json\/wp\/v2\/media?parent=135"}],"curies":[{"name":"wp","href":"https:\/\/api.w.org\/{rel}","templated":true}]}}