{"id":196,"date":"2017-04-21T08:21:55","date_gmt":"2017-04-21T08:21:55","guid":{"rendered":"http:\/\/demo2.steelthemes.com\/factoryhub\/?page_id=196"},"modified":"2024-06-05T18:17:41","modified_gmt":"2024-06-05T18:17:41","slug":"acerca-nuestro","status":"publish","type":"page","link":"https:\/\/sitingenieria.com.ar\/index.php\/acerca-nuestro\/","title":{"rendered":"Acerca Nuestro"},"content":{"rendered":"<div class=\"wpb-content-wrapper\"><p>[vc_row css=&#8221;.vc_custom_1490586960070{padding-top: 80px !important;padding-bottom: 70px !important;}&#8221;][vc_column width=&#8221;1\/2&#8243;][vc_single_image image=&#8221;3062&#8243; img_size=&#8221;570&#215;345&#8243; css=&#8221;&#8221;][\/vc_column][vc_column width=&#8221;1\/2&#8243;][vc_column_text css=&#8221;.vc_custom_1716580377111{padding-bottom: 30px !important;}&#8221;]<\/p>\n<h2 style=\"font-size: 30px; font-weight: 600; color: #222; font-family: 'Open Sans', sans-serif; margin-top: 0; margin-bottom: 10px;\">Servicio Ingenier\u00eda de Taller S.A.I.C.<\/h2>\n<p>Somos una empresa dedicada desde 1979 al desarrollo de ingenier\u00eda, fabricaciones y montajes mec\u00e1nicos que se encuentran en funcionamiento en importantes obras en el pa\u00eds y en el exterior.<\/p>\n<p>Contamos con oficina t\u00e9cnica propia para el desarrollo de proyectos bajo normas API, ASME, ANSI, AWS, DIN, IRAM, CAMAA, etc.; oficinas de control de calidad, donde realizan controles dimensionales y ensayos no destructivos y un amplio taller para la<br \/>\nrealizaci\u00f3n de trabajos de calderer\u00eda, estructuras met\u00e1licas y mecanizado de piezas.<\/p>\n<p>Las fabricaciones, avaladas por ingenieros, t\u00e9cnicos y operarios especializados, pueden ser realizadas con ingenier\u00eda desarrollada por nuestra oficina t\u00e9cnica o bien con la provista por nuestros clientes.<\/p>\n<p>Los trabajos se desarrollan en las seis naves de nuestra planta industrial, de un total de 2.000 m2 cubiertos, la cual cuenta con cinco puentes gr\u00faas de entre 5 y 10 ton.<\/p>\n<p>&nbsp;<\/p>\n<p style=\"font-size: 20px; font-weight: 600; color: #222; font-family: 'Open Sans', sans-serif; padding-top: 10px; margin-bottom: 0;\">Ing. Ismael Filippa<\/p>\n<p class=\"main-color\" style=\"font-size: 20px; font-weight: 300;\">Fundador<\/p>\n<p>[\/vc_column_text][\/vc_column][\/vc_row][vc_row][vc_column][vc_separator color=&#8221;custom&#8221; accent_color=&#8221;#f4f4f4&#8243;][\/vc_column][\/vc_row][vc_row css=&#8221;.vc_custom_1490597759156{padding-top: 65px !important;padding-bottom: 45px !important;}&#8221;][vc_column width=&#8221;1\/3&#8243;]<div class=\" fh-icon-box-2 dark-version icon-center\" style=\"background-image: url()\"> <span class=\"fh-icon\"><i class=\"factory-mechanic\"><\/i><\/span> <h4>Somos Profesionales<\/h4> <div class=\"sub-title\">Dto. Ingenieria<\/div><div class=\"desc\"><p>Realizamos proyectos y desarrollos con nuestros Ingenieros Especializados.<\/p>\n<\/div><\/div>[\/vc_column][vc_column width=&#8221;1\/3&#8243;]<div class=\" fh-icon-box-2 dark-version icon-center\" style=\"background-image: url()\"> <span class=\"fh-icon\"><i class=\"flaticon-drawing\"><\/i><\/span> <h4>Somos Confiables<\/h4> <div class=\"sub-title\">Certificaciones<\/div><div class=\"desc\"><p>Trabajamos bajo normas ISO certificadas T\u00dcV Rheinland<\/p>\n<\/div><\/div>[\/vc_column][vc_column width=&#8221;1\/3&#8243;]<div class=\" fh-icon-box-2 dark-version icon-center\" style=\"background-image: url()\"> <span class=\"fh-icon\"><i class=\"flaticon-pencil\"><\/i><\/span> <h4>Somos Creativos<\/h4> <div class=\"sub-title\">Dto. de Dise\u00f1o<\/div><div class=\"desc\"><p>Realizamos y creamos soluciones creativas a problemas complejos.<\/p>\n<\/div><\/div>[\/vc_column][\/vc_row][vc_row full_width=&#8221;stretch_row_content&#8221; css=&#8221;.vc_custom_1490600356624{margin-bottom: 65px !important;}&#8221;][vc_column width=&#8221;1\/4&#8243; css=&#8221;.vc_custom_1490600040377{padding-right: 0px !important;padding-left: 0px !important;}&#8221;]<div class=\" fh-icon-box-3 dark-version icon-center\" style=\"background-image: url()\"><div class=\"overlay\" style=\"background-color:#04192b\"><\/div> <span class=\"fh-icon\"><i class=\"factory-check\"><\/i><\/span> <h4>45 A\u00f1os de Experiencia<\/h4><div class=\"desc\"><p>Realizando proyectos para la Industria Petrolera.<\/p>\n<\/div><\/div>[\/vc_column][vc_column width=&#8221;1\/4&#8243; css=&#8221;.vc_custom_1490600047760{padding-right: 0px !important;padding-left: 0px !important;}&#8221;]<div class=\" fh-icon-box-3 dark-version icon-center\" style=\"background-image: url()\"><div class=\"overlay\" style=\"background-color:#071f34\"><\/div> <span class=\"fh-icon\"><i class=\"factory-check\"><\/i><\/span> <h4>45 A\u00f1os de Experiencia<\/h4><div class=\"desc\"><p>Realizando proyectos para la Industria Gas\u00edfera.<\/p>\n<\/div><\/div>[\/vc_column][vc_column width=&#8221;1\/4&#8243; css=&#8221;.vc_custom_1490600053287{padding-right: 0px !important;padding-left: 0px !important;}&#8221;]<div class=\" fh-icon-box-3 dark-version icon-center\" style=\"background-image: url()\"><div class=\"overlay\" style=\"background-color:#04192b\"><\/div> <span class=\"fh-icon\"><i class=\"factory-check\"><\/i><\/span> <h4>45 A\u00f1os de Experiencia<\/h4><div class=\"desc\"><p>Realizando proyectos para la Industria Minera.<\/p>\n<\/div><\/div>[\/vc_column][vc_column width=&#8221;1\/4&#8243; css=&#8221;.vc_custom_1490600058680{padding-right: 0px !important;padding-left: 0px !important;}&#8221;]<div class=\" fh-icon-box-3 dark-version icon-center\" style=\"background-image: url()\"><div class=\"overlay\" style=\"background-color:#071f34\"><\/div> <span class=\"fh-icon\"><i class=\"factory-check\"><\/i><\/span> <h4>45 A\u00f1os de Experiencia<\/h4><div class=\"desc\"><p>Realizando proyectos de contrucci\u00f3n de Maquinas Especiales.<\/p>\n<\/div><\/div>[\/vc_column][\/vc_row][vc_row css=&#8221;.vc_custom_1493102801340{padding-top: 80px !important;padding-bottom: 80px !important;background-color: #f7f7f7 !important;}&#8221; el_class=&#8221;partner-dark&#8221;][vc_column]<div class=\"fh-partner clearfix \">\n\t\t\t\t<div class=\"list-item\"><div class=\"partner-item\">\n\t\t\t\t\t\t\t<div class=\"partner-content\"><a href=\"#\" target=\"_blank\" ><img decoding=\"async\" alt=\"2722\"  src=\"https:\/\/sitingenieria.com.ar\/wp-content\/uploads\/2017\/04\/logo-1.png\"><\/a><\/div>\n\t\t\t\t\t\t<\/div><div class=\"partner-item\">\n\t\t\t\t\t\t\t<div class=\"partner-content\"><a href=\"#\" target=\"_blank\" ><img decoding=\"async\" alt=\"2723\"  src=\"https:\/\/sitingenieria.com.ar\/wp-content\/uploads\/2017\/04\/logo-2.png\"><\/a><\/div>\n\t\t\t\t\t\t<\/div><div class=\"partner-item\">\n\t\t\t\t\t\t\t<div class=\"partner-content\"><a href=\"#\" target=\"_blank\" ><img decoding=\"async\" alt=\"2724\"  src=\"https:\/\/sitingenieria.com.ar\/wp-content\/uploads\/2017\/04\/logo-3.png\"><\/a><\/div>\n\t\t\t\t\t\t<\/div><div class=\"partner-item\">\n\t\t\t\t\t\t\t<div class=\"partner-content\"><a href=\"#\" target=\"_blank\" ><img decoding=\"async\" alt=\"2725\"  src=\"https:\/\/sitingenieria.com.ar\/wp-content\/uploads\/2017\/04\/logo-4.png\"><\/a><\/div>\n\t\t\t\t\t\t<\/div><div class=\"partner-item\">\n\t\t\t\t\t\t\t<div class=\"partner-content\"><a href=\"#\" target=\"_blank\" ><img decoding=\"async\" alt=\"2726\"  src=\"https:\/\/sitingenieria.com.ar\/wp-content\/uploads\/2017\/04\/logo-5.png\"><\/a><\/div>\n\t\t\t\t\t\t<\/div><div class=\"partner-item\">\n\t\t\t\t\t\t\t<div class=\"partner-content\"><a  target=\"_blank\" ><img decoding=\"async\" alt=\"2714\"  src=\"https:\/\/sitingenieria.com.ar\/wp-content\/uploads\/2017\/04\/logo-6.png\"><\/a><\/div>\n\t\t\t\t\t\t<\/div><div class=\"partner-item\">\n\t\t\t\t\t\t\t<div class=\"partner-content\"><a  target=\"_blank\" ><img decoding=\"async\" alt=\"2715\"  src=\"https:\/\/sitingenieria.com.ar\/wp-content\/uploads\/2017\/04\/logo-7.png\"><\/a><\/div>\n\t\t\t\t\t\t<\/div><div class=\"partner-item\">\n\t\t\t\t\t\t\t<div class=\"partner-content\"><a  target=\"_blank\" ><img decoding=\"async\" alt=\"2716\"  src=\"https:\/\/sitingenieria.com.ar\/wp-content\/uploads\/2017\/04\/logo-8.png\"><\/a><\/div>\n\t\t\t\t\t\t<\/div><div class=\"partner-item\">\n\t\t\t\t\t\t\t<div class=\"partner-content\"><a  target=\"_blank\" ><img decoding=\"async\" alt=\"2717\"  src=\"https:\/\/sitingenieria.com.ar\/wp-content\/uploads\/2017\/04\/logo-9.png\"><\/a><\/div>\n\t\t\t\t\t\t<\/div><div class=\"partner-item\">\n\t\t\t\t\t\t\t<div class=\"partner-content\"><a  target=\"_blank\" ><img decoding=\"async\" alt=\"2718\"  src=\"https:\/\/sitingenieria.com.ar\/wp-content\/uploads\/2017\/04\/logo-10.png\"><\/a><\/div>\n\t\t\t\t\t\t<\/div><\/div>\n\t\t\t<\/div>[\/vc_column][\/vc_row]<\/p>\n<\/div>","protected":false},"excerpt":{"rendered":"<p>[vc_row css=&#8221;.vc_custom_1490586960070{padding-top: 80px !important;padding-bottom: 70px !important;}&#8221;][vc_column width=&#8221;1\/2&#8243;][vc_single_image image=&#8221;3062&#8243; img_size=&#8221;570&#215;345&#8243; css=&#8221;&#8221;][\/vc_column][vc_column width=&#8221;1\/2&#8243;][vc_column_text css=&#8221;.vc_custom_1716580377111{padding-bottom: 30px !important;}&#8221;] Servicio Ingenier\u00eda de Taller S.A.I.C. Somos&hellip;<\/p>\n","protected":false},"author":1,"featured_media":0,"parent":0,"menu_order":0,"comment_status":"closed","ping_status":"closed","template":"template-fullwidth.php","meta":{"_joinchat":[],"footnotes":""},"class_list":["post-196","page","type-page","status-publish","hentry","no-thumb"],"amp_enabled":false,"_links":{"self":[{"href":"https:\/\/sitingenieria.com.ar\/index.php\/wp-json\/wp\/v2\/pages\/196","targetHints":{"allow":["GET"]}}],"collection":[{"href":"https:\/\/sitingenieria.com.ar\/index.php\/wp-json\/wp\/v2\/pages"}],"about":[{"href":"https:\/\/sitingenieria.com.ar\/index.php\/wp-json\/wp\/v2\/types\/page"}],"author":[{"embeddable":true,"href":"https:\/\/sitingenieria.com.ar\/index.php\/wp-json\/wp\/v2\/users\/1"}],"replies":[{"embeddable":true,"href":"https:\/\/sitingenieria.com.ar\/index.php\/wp-json\/wp\/v2\/comments?post=196"}],"version-history":[{"count":13,"href":"https:\/\/sitingenieria.com.ar\/index.php\/wp-json\/wp\/v2\/pages\/196\/revisions"}],"predecessor-version":[{"id":3131,"href":"https:\/\/sitingenieria.com.ar\/index.php\/wp-json\/wp\/v2\/pages\/196\/revisions\/3131"}],"wp:attachment":[{"href":"https:\/\/sitingenieria.com.ar\/index.php\/wp-json\/wp\/v2\/media?parent=196"}],"curies":[{"name":"wp","href":"https:\/\/api.w.org\/{rel}","templated":true}]}}