{"id":2610,"date":"2017-04-26T08:00:08","date_gmt":"2017-04-26T08:00:08","guid":{"rendered":"http:\/\/demo2.steelthemes.com\/factoryhub\/?page_id=2610"},"modified":"2017-04-26T08:00:08","modified_gmt":"2017-04-26T08:00:08","slug":"home-page-2","status":"publish","type":"page","link":"https:\/\/sitingenieria.com.ar\/index.php\/home-page-2\/","title":{"rendered":"Home Page 2"},"content":{"rendered":"<div class=\"wpb-content-wrapper\"><p>[vc_row full_width=&#8221;stretch_row_content_no_spaces&#8221;][vc_column][rev_slider_vc alias=&#8221;slider-2&#8243;][\/vc_column][\/vc_row][vc_row css=&#8221;.vc_custom_1493193749240{margin-bottom: 80px !important;padding-top: 45px !important;padding-bottom: 45px !important;background-image: url(http:\/\/demo2.steelthemes.com\/factoryhub\/wp-content\/uploads\/sites\/5\/2017\/04\/banner-2.jpg?id=2613) !important;}&#8221;][vc_column][vc_column_text]<\/p>\n<p style=\"color: #fff; font-size: 30px; font-weight: 300; text-align: center; width: 74%; margin: 0 auto;\">No matter what type of engineering project you have, we can help. <a style=\"color: #fff; border-bottom: 1px solid #fff;\" href=\"#\">Submit<\/a> your project today!<\/p>\n<p>[\/vc_column_text][\/vc_column][\/vc_row][vc_row css=&#8221;.vc_custom_1493193810584{margin-bottom: 60px !important;}&#8221;][vc_column]<div class=\"fh-service  service-grid\">\n                <div class=\"service-list row\" id=\"service-slider-69e1dff0b2834\"><div class=\"item-service  col-xs-12 col-sm-6 col-md-4\">\n\t\t\t\t\t<div class=\"service-content\">\n\t\t\t\t\t\t<div class=\"entry-thumbnail\">\n\t\t\t\t\t\t\t<div class=\"overlay\" style=\"background-color:rgba(255,200,17,0.8)\"><\/div>\n\t\t\t\t\t\t\t<a href=\"https:\/\/sitingenieria.com.ar\/indexphp\/service\/tratamiento-de-agua\/\"><\/a>\n\t\t\t\t\t\t\t<img loading=\"lazy\" decoding=\"async\" width=\"370\" height=\"230\" src=\"https:\/\/sitingenieria.com.ar\/wp-content\/uploads\/ing.-ismael-filippa-370x230.webp\" class=\"attachment-factoryhub-blog-grid-3-thumb size-factoryhub-blog-grid-3-thumb wp-post-image\" alt=\"\" \/>\n\t\t\t\t\t\t<\/div>\n\t\t\t\t\t\t<h2 class=\"entry-title\"><a href=\"https:\/\/sitingenieria.com.ar\/indexphp\/service\/tratamiento-de-agua\/\">Tratamiento de agua<\/a><\/h2>\n\t\t\t\t\t\t<p>Fabricamos tanques de alta calidad para tratamiento de agua, especializados en acero inoxidable o al carbono, garantizando durabilidad.<\/p>\n\t\t\t\t\t<\/div>\n\t\t\t\t<\/div><div class=\"item-service  col-xs-12 col-sm-6 col-md-4\">\n\t\t\t\t\t<div class=\"service-content\">\n\t\t\t\t\t\t<div class=\"entry-thumbnail\">\n\t\t\t\t\t\t\t<div class=\"overlay\" style=\"background-color:rgba(255,200,17,0.8)\"><\/div>\n\t\t\t\t\t\t\t<a href=\"https:\/\/sitingenieria.com.ar\/indexphp\/service\/modulos-paquetizados\/\"><\/a>\n\t\t\t\t\t\t\t<img loading=\"lazy\" decoding=\"async\" width=\"370\" height=\"230\" src=\"https:\/\/sitingenieria.com.ar\/wp-content\/uploads\/dsc01700-370x230.webp\" class=\"attachment-factoryhub-blog-grid-3-thumb size-factoryhub-blog-grid-3-thumb wp-post-image\" alt=\"\" \/>\n\t\t\t\t\t\t<\/div>\n\t\t\t\t\t\t<h2 class=\"entry-title\"><a href=\"https:\/\/sitingenieria.com.ar\/indexphp\/service\/modulos-paquetizados\/\">M\u00f3dulos paquetizados<\/a><\/h2>\n\t\t\t\t\t\t<p>Producimos skids simples para aplicaciones peque\u00f1as y estaciones complejas de compresi\u00f3n y tratamiento de gas, ajustados a sus necesidades.<\/p>\n\t\t\t\t\t<\/div>\n\t\t\t\t<\/div><div class=\"item-service  col-xs-12 col-sm-6 col-md-4\">\n\t\t\t\t\t<div class=\"service-content\">\n\t\t\t\t\t\t<div class=\"entry-thumbnail\">\n\t\t\t\t\t\t\t<div class=\"overlay\" style=\"background-color:rgba(255,200,17,0.8)\"><\/div>\n\t\t\t\t\t\t\t<a href=\"https:\/\/sitingenieria.com.ar\/indexphp\/service\/petroleo-gas\/\"><\/a>\n\t\t\t\t\t\t\t<img loading=\"lazy\" decoding=\"async\" width=\"370\" height=\"230\" src=\"https:\/\/sitingenieria.com.ar\/wp-content\/uploads\/dsc_0110-370x230.webp\" class=\"attachment-factoryhub-blog-grid-3-thumb size-factoryhub-blog-grid-3-thumb wp-post-image\" alt=\"\" \/>\n\t\t\t\t\t\t<\/div>\n\t\t\t\t\t\t<h2 class=\"entry-title\"><a href=\"https:\/\/sitingenieria.com.ar\/indexphp\/service\/petroleo-gas\/\">Petr\u00f3leo &#038; Gas<\/a><\/h2>\n\t\t\t\t\t\t<p>Calderer\u00eda y piping conforme a normas. Equipos paquetizados montados en skids, listos para instalaci\u00f3n eficiente y segura.<\/p>\n\t\t\t\t\t<\/div>\n\t\t\t\t<\/div><div class=\"item-service  col-xs-12 col-sm-6 col-md-4\">\n\t\t\t\t\t<div class=\"service-content\">\n\t\t\t\t\t\t<div class=\"entry-thumbnail\">\n\t\t\t\t\t\t\t<div class=\"overlay\" style=\"background-color:rgba(255,200,17,0.8)\"><\/div>\n\t\t\t\t\t\t\t<a href=\"https:\/\/sitingenieria.com.ar\/indexphp\/service\/mineria\/\"><\/a>\n\t\t\t\t\t\t\t<img loading=\"lazy\" decoding=\"async\" width=\"370\" height=\"230\" src=\"https:\/\/sitingenieria.com.ar\/wp-content\/uploads\/04-5-2-dsc_0300-370x230.jpg\" class=\"attachment-factoryhub-blog-grid-3-thumb size-factoryhub-blog-grid-3-thumb wp-post-image\" alt=\"\" \/>\n\t\t\t\t\t\t<\/div>\n\t\t\t\t\t\t<h2 class=\"entry-title\"><a href=\"https:\/\/sitingenieria.com.ar\/indexphp\/service\/mineria\/\">Miner\u00eda<\/a><\/h2>\n\t\t\t\t\t\t<p>Proveemos equipos robustos y eficientes, dise\u00f1ados para soportar condiciones extremas en miner\u00eda, garantizando alta durabilidad y rendimiento.<\/p>\n\t\t\t\t\t<\/div>\n\t\t\t\t<\/div><div class=\"item-service  col-xs-12 col-sm-6 col-md-4\">\n\t\t\t\t\t<div class=\"service-content\">\n\t\t\t\t\t\t<div class=\"entry-thumbnail\">\n\t\t\t\t\t\t\t<div class=\"overlay\" style=\"background-color:rgba(255,200,17,0.8)\"><\/div>\n\t\t\t\t\t\t\t<a href=\"https:\/\/sitingenieria.com.ar\/indexphp\/service\/caldereria\/\"><\/a>\n\t\t\t\t\t\t\t<img loading=\"lazy\" decoding=\"async\" width=\"370\" height=\"230\" src=\"https:\/\/sitingenieria.com.ar\/wp-content\/uploads\/tk-01-003a-370x230.webp\" class=\"attachment-factoryhub-blog-grid-3-thumb size-factoryhub-blog-grid-3-thumb wp-post-image\" alt=\"\" \/>\n\t\t\t\t\t\t<\/div>\n\t\t\t\t\t\t<h2 class=\"entry-title\"><a href=\"https:\/\/sitingenieria.com.ar\/indexphp\/service\/caldereria\/\">Calderer\u00eda<\/a><\/h2>\n\t\t\t\t\t\t<p>Desarrollo y construcci\u00f3n de recipientes a presi\u00f3n para Oil & Gas, cumpliendo con normas ASME para asegurar m\u00e1xima calidad y seguridad.<\/p>\n\t\t\t\t\t<\/div>\n\t\t\t\t<\/div><\/div>\n            <\/div>[\/vc_column][\/vc_row][vc_row css=&#8221;.vc_custom_1493194014927{padding-top: 75px !important;padding-bottom: 80px !important;background-color: #04192b !important;}&#8221;][vc_column offset=&#8221;vc_col-lg-4 vc_col-md-4&#8243;]<div class=\"fh-section-title clearfix  text-left style-2\">\n                <h2>About Factory HUB<\/h2>\n            <\/div>[vc_single_image image=&#8221;63&#8243; img_size=&#8221;full&#8221; css=&#8221;.vc_custom_1493194305805{padding-top: 40px !important;padding-bottom: 25px !important;}&#8221;][vc_column_text css=&#8221;.vc_custom_1493194274313{margin-bottom: 20px !important;}&#8221;]Over 24 years experience and knowledge of international industrial systems, dedicated to provide the best economical solutions to our valued customers. We Won Many Factory Awards and Got Many Ceritificates Since 2001-2016[\/vc_column_text][vc_btn title=&#8221;Read More&#8221; color=&#8221;white&#8221; link=&#8221;url:%23|title:Read%20More||&#8221; el_class=&#8221;about-btn&#8221;][\/vc_column][vc_column offset=&#8221;vc_col-lg-4 vc_col-md-4&#8243;][vc_empty_space height=&#8221;100&#8243;]<div class=\" fh-icon-box-2 light-version icon-center\" style=\"background-image: url()\"> <span class=\"fh-icon\"><i class=\"flaticon-wrench\"><\/i><\/span> <h4>We are Professional<\/h4> <div class=\"sub-title\">Engineers<\/div><div class=\"desc\"><p>How all this mistakens idea of denouncing pleasures and completed account.<\/p>\n<\/div><\/div><div class=\" fh-icon-box-2 light-version icon-center\" style=\"background-image: url()\"> <span class=\"fh-icon\"><i class=\"flaticon-avatar\"><\/i><\/span> <h4>We are Trusted<\/h4> <div class=\"sub-title\">Team Members<\/div><div class=\"desc\"><p>Idea denouncing pleasures and praisings pain was born great explorer.<\/p>\n<\/div><\/div><div class=\" fh-icon-box-2 light-version icon-center\" style=\"background-image: url()\"> <span class=\"fh-icon\"><i class=\"flaticon-pencil\"><\/i><\/span> <h4>We are Expert<\/h4> <div class=\"sub-title\">Designer<\/div><div class=\"desc\"><p>Denouncing pleasures and was born work \u00a0will give you a complete masters.<\/p>\n<\/div><\/div>[\/vc_column][vc_column offset=&#8221;vc_col-lg-4 vc_col-md-4&#8243;]<div class=\"fh-section-title clearfix  text-left style-2\">\n                <h2>Testimonals<\/h2>\n            <\/div>[vc_row_inner css=&#8221;.vc_custom_1493193875391{padding-top: 40px !important;}&#8221;][vc_column_inner]<div class=\"fh-testimonials-2  style-1\">\n\t\t\t\t<div class=\"testi-list\" id=\"testimonial2-slider-69e1dff0b3719\"><\/div>\n\t\t\t<\/div>[\/vc_column_inner][\/vc_row_inner][\/vc_column][\/vc_row][vc_row css=&#8221;.vc_custom_1493195240834{padding-top: 75px !important;padding-bottom: 25px !important;}&#8221;][vc_column][vc_row_inner][vc_column_inner offset=&#8221;vc_col-lg-3 vc_col-md-6&#8243; css=&#8221;.vc_custom_1494391263943{padding-bottom: 30px !important;}&#8221;]<div class=\"fh-section-title clearfix  text-left style-1\">\n                <h2>Meet Our Team<\/h2>\n            <\/div>[\/vc_column_inner][vc_column_inner offset=&#8221;vc_col-lg-9 vc_col-md-6&#8243; css=&#8221;.vc_custom_1494391268470{padding-bottom: 30px !important;}&#8221;][vc_column_text]<\/p>\n<p style=\"font-size: 20px; font-weight: 300;\">We go to great lengths to identify impressive new talent self starters with specific skill sets to produce truly amazing results.<\/p>\n<p>[\/vc_column_text][\/vc_column_inner][\/vc_row_inner][vc_row_inner css=&#8221;.vc_custom_1494391257502{margin-top: 20px !important;}&#8221;][vc_column_inner offset=&#8221;vc_col-lg-3 vc_col-md-6&#8243;]<div class=\"fh-team  style-2\">\n\t\t\t\t<div class=\"team-member\">\n\t\t\t\t\t<div class=\"overlay\" style=\"background-color:rgba(255,200,17,0.8)\"><\/div>\n\t\t\t\t\t<img decoding=\"async\" class=\"\" src=\"https:\/\/sitingenieria.com.ar\/wp-content\/uploads\/2017\/04\/team4.jpg\" width=\"270\" height=\"250\" alt=\"team4\" title=\"team4\" loading=\"lazy\" \/>\n\t\t\t\t<\/div>\n\t\t\t\t<div class=\"info\">\n\t\t\t\t\t<h4 class=\"name\">Brown Angelino<\/h4>\n\t\t\t\t\t<span class=\"job\">President<\/span>\n\t\t\t\t\t<p>Idea of denouncing pleasure praising pain born will give complete.<\/p>\n\t\t\t\t<\/div>\n\t\t\t\t<div class=\"socials\">\n\t\t\t\t\t\t<ul class=\"list-social clearfix\">\n\t\t\t\t\t\t\t<li class=\"facebook\">\n\t\t\t\t\t<a href=\"#\" target=\"_blank\">\n\t\t\t\t\t\t<i class=\"fa fa-facebook\"><\/i>\n\t\t\t\t\t<\/a>\n\t\t\t\t<\/li><li class=\"twitter\">\n\t\t\t\t\t<a href=\"#\" target=\"_blank\">\n\t\t\t\t\t\t<i class=\"fa fa-twitter\"><\/i>\n\t\t\t\t\t<\/a>\n\t\t\t\t<\/li><li class=\"linkedin\">\n\t\t\t\t\t<a href=\"#\" target=\"_blank\">\n\t\t\t\t\t\t<i class=\"fa fa-linkedin\"><\/i>\n\t\t\t\t\t<\/a>\n\t\t\t\t<\/li><li class=\"instagram\">\n\t\t\t\t\t<a href=\"#\" target=\"_blank\">\n\t\t\t\t\t\t<i class=\"fa fa-instagram\"><\/i>\n\t\t\t\t\t<\/a>\n\t\t\t\t<\/li>\n\t\t\t\t\t\t<\/ul>\n\t\t\t\t\t<\/div>\n\t\t\t<\/div>[\/vc_column_inner][vc_column_inner offset=&#8221;vc_col-lg-3 vc_col-md-6&#8243;]<div class=\"fh-team  style-2\">\n\t\t\t\t<div class=\"team-member\">\n\t\t\t\t\t<div class=\"overlay\" style=\"background-color:rgba(255,200,17,0.8)\"><\/div>\n\t\t\t\t\t<img decoding=\"async\" class=\"\" src=\"https:\/\/sitingenieria.com.ar\/wp-content\/uploads\/2017\/04\/team1.jpg\" width=\"270\" height=\"250\" alt=\"team1\" title=\"team1\" loading=\"lazy\" \/>\n\t\t\t\t<\/div>\n\t\t\t\t<div class=\"info\">\n\t\t\t\t\t<h4 class=\"name\">Astley Fletcher<\/h4>\n\t\t\t\t\t<span class=\"job\">Founder<\/span>\n\t\t\t\t\t<p>Great explorer of the truth, the master-builder of human happiness.<\/p>\n\t\t\t\t<\/div>\n\t\t\t\t<div class=\"socials\">\n\t\t\t\t\t\t<ul class=\"list-social clearfix\">\n\t\t\t\t\t\t\t<li class=\"facebook\">\n\t\t\t\t\t<a href=\"#\" target=\"_blank\">\n\t\t\t\t\t\t<i class=\"fa fa-facebook\"><\/i>\n\t\t\t\t\t<\/a>\n\t\t\t\t<\/li><li class=\"twitter\">\n\t\t\t\t\t<a href=\"#\" target=\"_blank\">\n\t\t\t\t\t\t<i class=\"fa fa-twitter\"><\/i>\n\t\t\t\t\t<\/a>\n\t\t\t\t<\/li><li class=\"linkedin\">\n\t\t\t\t\t<a href=\"#\" target=\"_blank\">\n\t\t\t\t\t\t<i class=\"fa fa-linkedin\"><\/i>\n\t\t\t\t\t<\/a>\n\t\t\t\t<\/li><li class=\"instagram\">\n\t\t\t\t\t<a href=\"#\" target=\"_blank\">\n\t\t\t\t\t\t<i class=\"fa fa-instagram\"><\/i>\n\t\t\t\t\t<\/a>\n\t\t\t\t<\/li>\n\t\t\t\t\t\t<\/ul>\n\t\t\t\t\t<\/div>\n\t\t\t<\/div>[\/vc_column_inner][vc_column_inner offset=&#8221;vc_col-lg-3 vc_col-md-6&#8243;]<div class=\"fh-team  style-2\">\n\t\t\t\t<div class=\"team-member\">\n\t\t\t\t\t<div class=\"overlay\" style=\"background-color:rgba(255,200,17,0.8)\"><\/div>\n\t\t\t\t\t<img decoding=\"async\" class=\"\" src=\"https:\/\/sitingenieria.com.ar\/wp-content\/uploads\/2017\/04\/team5.jpg\" width=\"270\" height=\"250\" alt=\"team5\" title=\"team5\" loading=\"lazy\" \/>\n\t\t\t\t<\/div>\n\t\t\t\t<div class=\"info\">\n\t\t\t\t\t<h4 class=\"name\">Richard Anto<\/h4>\n\t\t\t\t\t<span class=\"job\">Manager<\/span>\n\t\t\t\t\t<p>Man who chooses to enjoy a pleasure that annoying consequences.<\/p>\n\t\t\t\t<\/div>\n\t\t\t\t<div class=\"socials\">\n\t\t\t\t\t\t<ul class=\"list-social clearfix\">\n\t\t\t\t\t\t\t<li class=\"facebook\">\n\t\t\t\t\t<a href=\"#\" target=\"_blank\">\n\t\t\t\t\t\t<i class=\"fa fa-facebook\"><\/i>\n\t\t\t\t\t<\/a>\n\t\t\t\t<\/li><li class=\"twitter\">\n\t\t\t\t\t<a href=\"#\" target=\"_blank\">\n\t\t\t\t\t\t<i class=\"fa fa-twitter\"><\/i>\n\t\t\t\t\t<\/a>\n\t\t\t\t<\/li><li class=\"linkedin\">\n\t\t\t\t\t<a href=\"#\" target=\"_blank\">\n\t\t\t\t\t\t<i class=\"fa fa-linkedin\"><\/i>\n\t\t\t\t\t<\/a>\n\t\t\t\t<\/li><li class=\"instagram\">\n\t\t\t\t\t<a href=\"#\" target=\"_blank\">\n\t\t\t\t\t\t<i class=\"fa fa-instagram\"><\/i>\n\t\t\t\t\t<\/a>\n\t\t\t\t<\/li>\n\t\t\t\t\t\t<\/ul>\n\t\t\t\t\t<\/div>\n\t\t\t<\/div>[\/vc_column_inner][vc_column_inner offset=&#8221;vc_col-lg-3 vc_col-md-6&#8243;]<div class=\"fh-team  style-2\">\n\t\t\t\t<div class=\"team-member\">\n\t\t\t\t\t<div class=\"overlay\" style=\"background-color:rgba(255,200,17,0.8)\"><\/div>\n\t\t\t\t\t<img decoding=\"async\" class=\"\" src=\"https:\/\/sitingenieria.com.ar\/wp-content\/uploads\/2017\/04\/team2.jpg\" width=\"270\" height=\"250\" alt=\"team2\" title=\"team2\" loading=\"lazy\" \/>\n\t\t\t\t<\/div>\n\t\t\t\t<div class=\"info\">\n\t\t\t\t\t<h4 class=\"name\">Mark Thomas<\/h4>\n\t\t\t\t\t<span class=\"job\">Designer<\/span>\n\t\t\t\t\t<p>Pursue pleasure rationally encounter consequences that extremely. <\/p>\n\t\t\t\t<\/div>\n\t\t\t\t<div class=\"socials\">\n\t\t\t\t\t\t<ul class=\"list-social clearfix\">\n\t\t\t\t\t\t\t<li class=\"facebook\">\n\t\t\t\t\t<a href=\"#\" target=\"_blank\">\n\t\t\t\t\t\t<i class=\"fa fa-facebook\"><\/i>\n\t\t\t\t\t<\/a>\n\t\t\t\t<\/li><li class=\"twitter\">\n\t\t\t\t\t<a href=\"#\" target=\"_blank\">\n\t\t\t\t\t\t<i class=\"fa fa-twitter\"><\/i>\n\t\t\t\t\t<\/a>\n\t\t\t\t<\/li><li class=\"linkedin\">\n\t\t\t\t\t<a href=\"#\" target=\"_blank\">\n\t\t\t\t\t\t<i class=\"fa fa-linkedin\"><\/i>\n\t\t\t\t\t<\/a>\n\t\t\t\t<\/li><li class=\"instagram\">\n\t\t\t\t\t<a href=\"#\" target=\"_blank\">\n\t\t\t\t\t\t<i class=\"fa fa-instagram\"><\/i>\n\t\t\t\t\t<\/a>\n\t\t\t\t<\/li>\n\t\t\t\t\t\t<\/ul>\n\t\t\t\t\t<\/div>\n\t\t\t<\/div>[\/vc_column_inner][\/vc_row_inner][\/vc_column][\/vc_row][vc_row full_width=&#8221;stretch_row&#8221;][vc_column css=&#8221;.vc_custom_1494312811779{padding-right: 0px !important;padding-left: 0px !important;}&#8221; offset=&#8221;vc_col-lg-3 vc_col-md-6&#8243;]<div class=\" fh-icon-box-3 dark-version icon-center\" style=\"background-image: url()\"><div class=\"overlay\" style=\"background-color:#04192b\"><\/div> <span class=\"fh-icon\"><i class=\"flaticon-mark\"><\/i><\/span> <h4>40 Years Experince<\/h4><div class=\"desc\"><p>Denouncing pleasure and praising pain was born and will give you a complete account teachings<\/p>\n<\/div><\/div>[\/vc_column][vc_column css=&#8221;.vc_custom_1494312821539{padding-right: 0px !important;padding-left: 0px !important;}&#8221; offset=&#8221;vc_col-lg-3 vc_col-md-6&#8243;]<div class=\" fh-icon-box-3 dark-version icon-center\" style=\"background-image: url()\"><div class=\"overlay\" style=\"background-color:#071f34\"><\/div> <span class=\"fh-icon\"><i class=\"flaticon-mark\"><\/i><\/span> <h4>Certified Company<\/h4><div class=\"desc\"><p>Great explorer of the truth, the master-builder of human happiness one rejects, dislikes pleasure itself.<\/p>\n<\/div><\/div>[\/vc_column][vc_column css=&#8221;.vc_custom_1494312828747{padding-right: 0px !important;padding-left: 0px !important;}&#8221; offset=&#8221;vc_col-lg-3 vc_col-md-6&#8243;]<div class=\" fh-icon-box-3 dark-version icon-center\" style=\"background-image: url()\"><div class=\"overlay\" style=\"background-color:#04192b\"><\/div> <span class=\"fh-icon\"><i class=\"flaticon-mark\"><\/i><\/span> <h4>#1 Supplier in Region<\/h4><div class=\"desc\"><p>Those who do not know how to pursue pleasure rationally encounter consequences that are extremely.<\/p>\n<\/div><\/div>[\/vc_column][vc_column css=&#8221;.vc_custom_1494312846204{padding-right: 0px !important;padding-left: 0px !important;}&#8221; offset=&#8221;vc_col-lg-3 vc_col-md-6&#8243;]<div class=\" fh-icon-box-3 dark-version icon-center\" style=\"background-image: url()\"><div class=\"overlay\" style=\"background-color:#071f34\"><\/div> <span class=\"fh-icon\"><i class=\"flaticon-mark\"><\/i><\/span> <h4>Best in the Market<\/h4><div class=\"desc\"><p>Desires to obtain pain of itself, because it is pain, but because occasionally circumstances.<\/p>\n<\/div><\/div>[\/vc_column][\/vc_row][vc_row full_width=&#8221;stretch_row_content_no_spaces&#8221; disable_element=&#8221;yes&#8221;][vc_column]Something went wrong while retrieving your map, please ensure you have entered the short code correctly.[\/vc_column][\/vc_row][vc_row full_width=&#8221;stretch_row_content_no_spaces&#8221;][vc_column][vc_gmaps link=&#8221;#E-8_JTNDaWZyYW1lJTIwc3JjJTNEJTIyaHR0cHMlM0ElMkYlMkZ3d3cuZ29vZ2xlLmNvbSUyRm1hcHMlMkZlbWJlZCUzRnBiJTNEJTIxMW0xOCUyMTFtMTIlMjExbTMlMjExZDM0MjE3LjEzNDczNTkyODEyJTIxMmQtNzQuMDE5MTUyOTEyOTcxMDElMjEzZDQwLjcwOTI5ODE5NjQ5NzI3JTIxMm0zJTIxMWYwJTIxMmYwJTIxM2YwJTIxM20yJTIxMWkxMDI0JTIxMmk3NjglMjE0ZjEzLjElMjEzbTMlMjExbTIlMjExczB4ODljMjRmYTVkMzNmMDgzYiUyNTNBMHhjODBiOGYwNmUxNzdmZTYyJTIxMnpWR2pEb0c1b0lIQm80YnVSSUU1bGR5QlpiM0pyTENCVWFlRzdnM1VnWW1GdVp5Qk9aWGNnV1c5eWF5d2dTRzloSUV2aHU3TSUyMTVlMCUyMTNtMiUyMTFzdmklMjEycyUyMTR2MTU1NzczNDAxMTgwNCUyMTVtMiUyMTFzdmklMjEycyUyMiUyMHdpZHRoJTNEJTIyNjAwJTIyJTIwaGVpZ2h0JTNEJTIyNDUwJTIyJTIwZnJhbWVib3JkZXIlM0QlMjIwJTIyJTIwc3R5bGUlM0QlMjJib3JkZXIlM0EwJTIyJTIwYWxsb3dmdWxsc2NyZWVuJTNFJTNDJTJGaWZyYW1lJTNF&#8221;][\/vc_column][\/vc_row]<\/p>\n<\/div>","protected":false},"excerpt":{"rendered":"<p>[vc_row full_width=&#8221;stretch_row_content_no_spaces&#8221;][vc_column][rev_slider_vc alias=&#8221;slider-2&#8243;][\/vc_column][\/vc_row][vc_row css=&#8221;.vc_custom_1493193749240{margin-bottom: 80px !important;padding-top: 45px !important;padding-bottom: 45px !important;background-image: url(http:\/\/demo2.steelthemes.com\/factoryhub\/wp-content\/uploads\/sites\/5\/2017\/04\/banner-2.jpg?id=2613) !important;}&#8221;][vc_column][vc_column_text] No matter what type of engineering project you&hellip;<\/p>\n","protected":false},"author":1,"featured_media":0,"parent":0,"menu_order":0,"comment_status":"closed","ping_status":"closed","template":"template-homepage.php","meta":{"_joinchat":[],"footnotes":""},"class_list":["post-2610","page","type-page","status-publish","hentry",""],"amp_enabled":false,"_links":{"self":[{"href":"https:\/\/sitingenieria.com.ar\/index.php\/wp-json\/wp\/v2\/pages\/2610","targetHints":{"allow":["GET"]}}],"collection":[{"href":"https:\/\/sitingenieria.com.ar\/index.php\/wp-json\/wp\/v2\/pages"}],"about":[{"href":"https:\/\/sitingenieria.com.ar\/index.php\/wp-json\/wp\/v2\/types\/page"}],"author":[{"embeddable":true,"href":"https:\/\/sitingenieria.com.ar\/index.php\/wp-json\/wp\/v2\/users\/1"}],"replies":[{"embeddable":true,"href":"https:\/\/sitingenieria.com.ar\/index.php\/wp-json\/wp\/v2\/comments?post=2610"}],"version-history":[{"count":0,"href":"https:\/\/sitingenieria.com.ar\/index.php\/wp-json\/wp\/v2\/pages\/2610\/revisions"}],"wp:attachment":[{"href":"https:\/\/sitingenieria.com.ar\/index.php\/wp-json\/wp\/v2\/media?parent=2610"}],"curies":[{"name":"wp","href":"https:\/\/api.w.org\/{rel}","templated":true}]}}