{"id":2957,"date":"2024-05-10T02:44:04","date_gmt":"2024-05-10T02:44:04","guid":{"rendered":"https:\/\/sitingenieria.com.ar\/index.php\/carrito\/"},"modified":"2024-05-10T02:44:04","modified_gmt":"2024-05-10T02:44:04","slug":"carrito","status":"publish","type":"page","link":"https:\/\/sitingenieria.com.ar\/index.php\/carrito\/","title":{"rendered":"Carrito"},"content":{"rendered":"\n<div data-block-name=\"woocommerce\/cart\" class=\"wp-block-woocommerce-cart alignwide is-loading\">\n<div data-block-name=\"woocommerce\/filled-cart-block\" class=\"wp-block-woocommerce-filled-cart-block\">\n<div data-block-name=\"woocommerce\/cart-items-block\" class=\"wp-block-woocommerce-cart-items-block\">\n<div data-block-name=\"woocommerce\/cart-line-items-block\" class=\"wp-block-woocommerce-cart-line-items-block\"><\/div>\n\n\n\n<div data-block-name=\"woocommerce\/cart-cross-sells-block\" class=\"wp-block-woocommerce-cart-cross-sells-block\">\n<h2 class=\"wp-block-heading has-large-font-size\">Puede que te interese\u2026<\/h2>\n\n\n\n<div data-block-name=\"woocommerce\/cart-cross-sells-products-block\" class=\"wp-block-woocommerce-cart-cross-sells-products-block\"><\/div>\n<\/div>\n<\/div>\n\n\n\n<div data-block-name=\"woocommerce\/cart-totals-block\" class=\"wp-block-woocommerce-cart-totals-block\">\n<div data-block-name=\"woocommerce\/cart-order-summary-block\" class=\"wp-block-woocommerce-cart-order-summary-block\">\n<div data-block-name=\"woocommerce\/cart-order-summary-heading-block\" class=\"wp-block-woocommerce-cart-order-summary-heading-block\"><\/div><div data-block-name=\"woocommerce\/cart-order-summary-coupon-form-block\" class=\"wp-block-woocommerce-cart-order-summary-coupon-form-block\"><\/div><div data-block-name=\"woocommerce\/cart-order-summary-totals-block\" class=\"wp-block-woocommerce-cart-order-summary-totals-block\">\n<div data-block-name=\"woocommerce\/cart-order-summary-subtotal-block\" class=\"wp-block-woocommerce-cart-order-summary-subtotal-block\"><\/div>\n<div data-block-name=\"woocommerce\/cart-order-summary-discount-block\" class=\"wp-block-woocommerce-cart-order-summary-discount-block\"><\/div>\n<div data-block-name=\"woocommerce\/cart-order-summary-fee-block\" class=\"wp-block-woocommerce-cart-order-summary-fee-block\"><\/div>\n<div data-block-name=\"woocommerce\/cart-order-summary-shipping-block\" class=\"wp-block-woocommerce-cart-order-summary-shipping-block\"><\/div>\n<div data-block-name=\"woocommerce\/cart-order-summary-taxes-block\" class=\"wp-block-woocommerce-cart-order-summary-taxes-block\"><\/div><\/div>\n<\/div>\n\n\n\n<div data-block-name=\"woocommerce\/cart-express-payment-block\" class=\"wp-block-woocommerce-cart-express-payment-block\"><\/div>\n\n\n\n<div data-block-name=\"woocommerce\/proceed-to-checkout-block\" class=\"wp-block-woocommerce-proceed-to-checkout-block\"><\/div>\n\n\n\n<div data-block-name=\"woocommerce\/cart-accepted-payment-methods-block\" class=\"wp-block-woocommerce-cart-accepted-payment-methods-block\"><\/div>\n<\/div>\n<\/div>\n\n\n\n<div data-block-name=\"woocommerce\/empty-cart-block\" class=\"wp-block-woocommerce-empty-cart-block\">\n<h2 class=\"wp-block-heading has-text-align-center with-empty-cart-icon wc-block-cart__empty-cart__title\">\u00a1Tu carrito est\u00e1 actualmente vac\u00edo!<\/h2>\n\n\n\n<hr class=\"wp-block-separator has-alpha-channel-opacity is-style-dots\"\/>\n\n\n\n<h2 class=\"wp-block-heading has-text-align-center\">Nuevo en la tienda<\/h2>\n\n\n<div data-block-name=\"woocommerce\/product-new\" data-columns=\"4\" data-rows=\"1\" class=\"wc-block-grid wp-block-product-new wp-block-woocommerce-product-new wc-block-product-new has-4-columns\"><ul class=\"wc-block-grid__products\"><li class=\"wc-block-grid__product\">\n\t\t\t\t<a href=\"https:\/\/sitingenieria.com.ar\/indexphp\/product\/manometro-capino-0-25-kg-cm2\/\" class=\"wc-block-grid__product-link\">\n\t\t\t\t\t\n\t\t\t\t\t<div class=\"wc-block-grid__product-image\"><img loading=\"lazy\" decoding=\"async\" width=\"300\" height=\"300\" src=\"https:\/\/sitingenieria.com.ar\/wp-content\/uploads\/woocommerce-placeholder-300x300.png\" class=\"woocommerce-placeholder wp-post-image\" alt=\"\" srcset=\"https:\/\/sitingenieria.com.ar\/wp-content\/uploads\/woocommerce-placeholder-300x300.png 300w, https:\/\/sitingenieria.com.ar\/wp-content\/uploads\/woocommerce-placeholder-100x100.png 100w, https:\/\/sitingenieria.com.ar\/wp-content\/uploads\/woocommerce-placeholder-600x600.png 600w, https:\/\/sitingenieria.com.ar\/wp-content\/uploads\/woocommerce-placeholder-1024x1024.png 1024w, https:\/\/sitingenieria.com.ar\/wp-content\/uploads\/woocommerce-placeholder-150x150.png 150w, https:\/\/sitingenieria.com.ar\/wp-content\/uploads\/woocommerce-placeholder-768x768.png 768w, https:\/\/sitingenieria.com.ar\/wp-content\/uploads\/woocommerce-placeholder-75x75.png 75w, https:\/\/sitingenieria.com.ar\/wp-content\/uploads\/woocommerce-placeholder-80x80.png 80w, https:\/\/sitingenieria.com.ar\/wp-content\/uploads\/woocommerce-placeholder.png 1200w\" sizes=\"auto, (max-width: 300px) 100vw, 300px\" \/><\/div>\n\t\t\t\t\t<div class=\"wc-block-grid__product-title\">Man\u00f3metro Capino 0-25 Kg Cm2<\/div>\n\t\t\t\t<\/a>\n\t\t\t\t<div class=\"wc-block-grid__product-price price\"><\/div>\n\t\t\t\t\n\t\t\t\t<div class=\"wp-block-button wc-block-grid__product-add-to-cart\"><a href=\"https:\/\/sitingenieria.com.ar\/indexphp\/product\/manometro-capino-0-25-kg-cm2\/\" aria-label=\"Lee m\u00e1s sobre &ldquo;Man\u00f3metro Capino 0-25 Kg Cm2&rdquo;\" data-quantity=\"1\" data-product_id=\"3478\" data-product_sku=\"MAN-CPN-000-025\" data-price=\"0\" rel=\"nofollow\" class=\"wp-block-button__link  add_to_cart_button\">Leer m\u00e1s<\/a><\/div>\n\t\t\t<\/li><li class=\"wc-block-grid__product\">\n\t\t\t\t<a href=\"https:\/\/sitingenieria.com.ar\/indexphp\/product\/manometro-patron-capino-0-142-psi-en-837-1\/\" class=\"wc-block-grid__product-link\">\n\t\t\t\t\t\n\t\t\t\t\t<div class=\"wc-block-grid__product-image\"><img loading=\"lazy\" decoding=\"async\" width=\"300\" height=\"300\" src=\"https:\/\/sitingenieria.com.ar\/wp-content\/uploads\/woocommerce-placeholder-300x300.png\" class=\"woocommerce-placeholder wp-post-image\" alt=\"\" srcset=\"https:\/\/sitingenieria.com.ar\/wp-content\/uploads\/woocommerce-placeholder-300x300.png 300w, https:\/\/sitingenieria.com.ar\/wp-content\/uploads\/woocommerce-placeholder-100x100.png 100w, https:\/\/sitingenieria.com.ar\/wp-content\/uploads\/woocommerce-placeholder-600x600.png 600w, https:\/\/sitingenieria.com.ar\/wp-content\/uploads\/woocommerce-placeholder-1024x1024.png 1024w, https:\/\/sitingenieria.com.ar\/wp-content\/uploads\/woocommerce-placeholder-150x150.png 150w, https:\/\/sitingenieria.com.ar\/wp-content\/uploads\/woocommerce-placeholder-768x768.png 768w, https:\/\/sitingenieria.com.ar\/wp-content\/uploads\/woocommerce-placeholder-75x75.png 75w, https:\/\/sitingenieria.com.ar\/wp-content\/uploads\/woocommerce-placeholder-80x80.png 80w, https:\/\/sitingenieria.com.ar\/wp-content\/uploads\/woocommerce-placeholder.png 1200w\" sizes=\"auto, (max-width: 300px) 100vw, 300px\" \/><\/div>\n\t\t\t\t\t<div class=\"wc-block-grid__product-title\">Man\u00f3metro Patr\u00f3n Capino 0-142 PSI EN 837-1<\/div>\n\t\t\t\t<\/a>\n\t\t\t\t<div class=\"wc-block-grid__product-price price\"><\/div>\n\t\t\t\t\n\t\t\t\t<div class=\"wp-block-button wc-block-grid__product-add-to-cart\"><a href=\"https:\/\/sitingenieria.com.ar\/indexphp\/product\/manometro-patron-capino-0-142-psi-en-837-1\/\" aria-label=\"Lee m\u00e1s sobre &ldquo;Man\u00f3metro Patr\u00f3n Capino 0-142 PSI EN 837-1&rdquo;\" data-quantity=\"1\" data-product_id=\"3477\" data-product_sku=\"MAN-PAT-CPN-000-142\" data-price=\"0\" rel=\"nofollow\" class=\"wp-block-button__link  add_to_cart_button\">Leer m\u00e1s<\/a><\/div>\n\t\t\t<\/li><li class=\"wc-block-grid__product\">\n\t\t\t\t<a href=\"https:\/\/sitingenieria.com.ar\/indexphp\/product\/manometro-m05\/\" class=\"wc-block-grid__product-link\">\n\t\t\t\t\t\n\t\t\t\t\t<div class=\"wc-block-grid__product-image\"><img loading=\"lazy\" decoding=\"async\" width=\"300\" height=\"300\" src=\"https:\/\/sitingenieria.com.ar\/wp-content\/uploads\/img_20260227_165125-300x300.jpg\" class=\"attachment-woocommerce_thumbnail size-woocommerce_thumbnail\" alt=\"Man\u00f3metro Patr\u00f3n Weisz 0-250 BAR\" srcset=\"https:\/\/sitingenieria.com.ar\/wp-content\/uploads\/img_20260227_165125-300x300.jpg 300w, https:\/\/sitingenieria.com.ar\/wp-content\/uploads\/img_20260227_165125-150x150.jpg 150w, https:\/\/sitingenieria.com.ar\/wp-content\/uploads\/img_20260227_165125-75x75.jpg 75w, https:\/\/sitingenieria.com.ar\/wp-content\/uploads\/img_20260227_165125-80x80.jpg 80w, https:\/\/sitingenieria.com.ar\/wp-content\/uploads\/img_20260227_165125-100x100.jpg 100w\" sizes=\"auto, (max-width: 300px) 100vw, 300px\" \/><\/div>\n\t\t\t\t\t<div class=\"wc-block-grid__product-title\">Man\u00f3metro Patr\u00f3n Weisz 0-250 BAR<\/div>\n\t\t\t\t<\/a>\n\t\t\t\t<div class=\"wc-block-grid__product-price price\"><\/div>\n\t\t\t\t\n\t\t\t\t<div class=\"wp-block-button wc-block-grid__product-add-to-cart\"><a href=\"https:\/\/sitingenieria.com.ar\/indexphp\/product\/manometro-m05\/\" aria-label=\"Lee m\u00e1s sobre &ldquo;Man\u00f3metro Patr\u00f3n Weisz 0-250 BAR&rdquo;\" data-quantity=\"1\" data-product_id=\"3468\" data-product_sku=\"MAN-PAT-WSZ-000-250\" data-price=\"0\" rel=\"nofollow\" class=\"wp-block-button__link  add_to_cart_button\">Leer m\u00e1s<\/a><\/div>\n\t\t\t<\/li><li class=\"wc-block-grid__product\">\n\t\t\t\t<a href=\"https:\/\/sitingenieria.com.ar\/index.php\/product\/fundente-arco-sumergido-ok-flux-429-x-25-kg\/\" class=\"wc-block-grid__product-link\">\n\t\t\t\t\t\n\t\t\t\t\t<div class=\"wc-block-grid__product-image\"><img loading=\"lazy\" decoding=\"async\" width=\"300\" height=\"300\" src=\"https:\/\/sitingenieria.com.ar\/wp-content\/uploads\/woocommerce-placeholder-300x300.png\" class=\"woocommerce-placeholder wp-post-image\" alt=\"\" srcset=\"https:\/\/sitingenieria.com.ar\/wp-content\/uploads\/woocommerce-placeholder-300x300.png 300w, https:\/\/sitingenieria.com.ar\/wp-content\/uploads\/woocommerce-placeholder-100x100.png 100w, https:\/\/sitingenieria.com.ar\/wp-content\/uploads\/woocommerce-placeholder-600x600.png 600w, https:\/\/sitingenieria.com.ar\/wp-content\/uploads\/woocommerce-placeholder-1024x1024.png 1024w, https:\/\/sitingenieria.com.ar\/wp-content\/uploads\/woocommerce-placeholder-150x150.png 150w, https:\/\/sitingenieria.com.ar\/wp-content\/uploads\/woocommerce-placeholder-768x768.png 768w, https:\/\/sitingenieria.com.ar\/wp-content\/uploads\/woocommerce-placeholder-75x75.png 75w, https:\/\/sitingenieria.com.ar\/wp-content\/uploads\/woocommerce-placeholder-80x80.png 80w, https:\/\/sitingenieria.com.ar\/wp-content\/uploads\/woocommerce-placeholder.png 1200w\" sizes=\"auto, (max-width: 300px) 100vw, 300px\" \/><\/div>\n\t\t\t\t\t<div class=\"wc-block-grid__product-title\">Fundente Arco Sumergido OK Flux 429 x 25 Kg.<\/div>\n\t\t\t\t<\/a>\n\t\t\t\t<div class=\"wc-block-grid__product-price price\"><span class=\"woocommerce-Price-amount amount\"><span class=\"woocommerce-Price-currencySymbol\">&#036;<\/span>&nbsp;0,00<\/span><\/div>\n\t\t\t\t\n\t\t\t\t<div class=\"wp-block-button wc-block-grid__product-add-to-cart\"><a href=\"\/index.php\/wp-json\/wp\/v2\/pages\/2957?add-to-cart=3385\" aria-label=\"A\u00f1adir al carrito: &ldquo;Fundente Arco Sumergido OK Flux 429 x 25 Kg.&rdquo;\" data-quantity=\"1\" data-product_id=\"3385\" data-product_sku=\"SOL-FUN-ARC-SUM\" data-price=\"0\" rel=\"nofollow\" class=\"wp-block-button__link  add_to_cart_button ajax_add_to_cart\">A\u00f1adir al carrito<\/a><\/div>\n\t\t\t<\/li><\/ul><\/div><\/div>\n<\/div>\n","protected":false},"excerpt":{"rendered":"Puede que te interese\u2026 \u00a1Tu carrito est\u00e1 actualmente vac\u00edo! Nuevo en la tienda","protected":false},"author":1,"featured_media":0,"parent":0,"menu_order":0,"comment_status":"closed","ping_status":"closed","template":"","meta":{"_joinchat":[],"footnotes":""},"class_list":["post-2957","page","type-page","status-publish","hentry","no-thumb"],"amp_enabled":true,"_links":{"self":[{"href":"https:\/\/sitingenieria.com.ar\/index.php\/wp-json\/wp\/v2\/pages\/2957","targetHints":{"allow":["GET"]}}],"collection":[{"href":"https:\/\/sitingenieria.com.ar\/index.php\/wp-json\/wp\/v2\/pages"}],"about":[{"href":"https:\/\/sitingenieria.com.ar\/index.php\/wp-json\/wp\/v2\/types\/page"}],"author":[{"embeddable":true,"href":"https:\/\/sitingenieria.com.ar\/index.php\/wp-json\/wp\/v2\/users\/1"}],"replies":[{"embeddable":true,"href":"https:\/\/sitingenieria.com.ar\/index.php\/wp-json\/wp\/v2\/comments?post=2957"}],"version-history":[{"count":0,"href":"https:\/\/sitingenieria.com.ar\/index.php\/wp-json\/wp\/v2\/pages\/2957\/revisions"}],"wp:attachment":[{"href":"https:\/\/sitingenieria.com.ar\/index.php\/wp-json\/wp\/v2\/media?parent=2957"}],"curies":[{"name":"wp","href":"https:\/\/api.w.org\/{rel}","templated":true}]}}